{"id":6670,"date":"2026-01-16T10:44:27","date_gmt":"2026-01-16T10:44:27","guid":{"rendered":"https:\/\/www.inside-out-coaching.nl\/?page_id=6670"},"modified":"2026-03-30T15:12:55","modified_gmt":"2026-03-30T14:12:55","slug":"over-josee","status":"publish","type":"page","link":"https:\/\/www.inside-out-coaching.nl\/en\/over-josee\/","title":{"rendered":"About Jos\u00e9e"},"content":{"rendered":"<section class=\"l-section wpb_row height_large color_primary with_img with_shape\"><div class=\"l-section-img\" role=\"img\" aria-label=\"Image\" data-img-width=\"1600\" data-img-height=\"896\" style=\"background-image: url(https:\/\/www.inside-out-coaching.nl\/wp-content\/uploads\/2026\/03\/BannerISO.png);\"><\/div><div class=\"l-section-overlay\" style=\"background:rgba(0,0,0,0.3)\"><\/div><div class=\"l-section-shape type_curve pos_bottom\" style=\"height:15vmin;\"><svg xmlns=\"http:\/\/www.w3.org\/2000\/svg\" viewbox=\"0 0 64 8\" preserveaspectratio=\"none\" width=\"100%\" height=\"100%\">\r\n\t<path fill=\"currentColor\" d=\"M64 8 L64 0 Q32 15.8 0 0 L0 8 Z\"\/>\r\n<\/svg><\/div><div class=\"l-section-h i-cf\"><div class=\"g-cols vc_row via_flex valign_middle type_default stacking_default\"><div class=\"vc_col-sm-12 wpb_column vc_column_container\"><div class=\"vc_column-inner\"><div class=\"wpb_wrapper\"><h1 class=\"w-post-elm post_title us_custom_64354fad align_center entry-title color_link_inherit\">About Jos\u00e9e<\/h1><nav class=\"g-breadcrumbs us_custom_ea2be81a separator_icon align_center\" itemscope itemtype=\"http:\/\/schema.org\/BreadcrumbList\"><div class=\"g-breadcrumbs-item\" itemscope itemprop=\"itemListElement\" itemtype=\"http:\/\/schema.org\/ListItem\"><a itemprop=\"item\" href=\"https:\/\/www.inside-out-coaching.nl\/en\/\"><span itemprop=\"name\">Home<\/span><\/a><meta itemprop=\"position\" content=\"1\"\/><\/div><div class=\"g-breadcrumbs-separator\"><i class=\"far fa-angle-right\"><\/i><\/div><div class=\"g-breadcrumbs-item\">Pages<\/div><\/nav><\/div><\/div><\/div><\/div><\/div><\/section><section class=\"l-section wpb_row height_medium\"><div class=\"l-section-h i-cf\"><div class=\"g-cols vc_row via_flex valign_top type_default stacking_default\"><div class=\"vc_col-sm-6 wpb_column vc_column_container\"><div class=\"vc_column-inner\"><div class=\"wpb_wrapper\"><div class=\"w-separator size_medium\"><\/div><div class=\"g-cols wpb_row via_flex valign_top type_default stacking_default\"><div class=\"vc_col-sm-12 wpb_column vc_column_container\"><div class=\"vc_column-inner\"><div class=\"wpb_wrapper\"><div class=\"wpb_text_column\"><div class=\"wpb_wrapper\"><h2>Hoi, mijn naam is Jos\u00e9e<\/h2>\n<p>Na een carri\u00e8re in het onderwijs en als medeoprichter en eerste directeur van Stichting Cliniclowns Nederland, startte ik 28 jaar geleden mijn eigen praktijk in Training &amp; Coaching: Inside-Out. (<a href=\"http:\/\/www.inside-out-coaching.nl\/en\/over-inside-out\/\">meer over Inside-Out<\/a>).<\/p>\n<p>Oorspronkelijk begon ik als internationaal gecertificeerd NLP-trainer &amp; coach, en raakte ik gefascineerd door de snelle en blijvende resultaten van werken op onbewust niveau.<br \/>\nZo kunnen mensen werkelijk de \u2018angel\u2019 uit belemmerende emoties, gedragingen en overlevingsstrategie\u00ebn halen. Want zeg nou zelf; als je dat bewust zou kunnen doen, had je dat toch al lang gedaan?<\/p>\n<\/div><\/div><\/div><\/div><\/div><\/div><\/div><\/div><\/div><div class=\"vc_col-sm-6 wpb_column vc_column_container\"><div class=\"vc_column-inner\"><div class=\"wpb_wrapper\"><div class=\"w-image style_circle align_none\"><div class=\"w-image-h\"><img decoding=\"async\" width=\"1024\" height=\"838\" src=\"https:\/\/www.inside-out-coaching.nl\/wp-content\/uploads\/2018\/03\/foto-s4-1024x838.jpg\" class=\"attachment-large size-large\" alt=\"\" loading=\"lazy\" srcset=\"https:\/\/www.inside-out-coaching.nl\/wp-content\/uploads\/2018\/03\/foto-s4-1024x838.jpg 1024w, https:\/\/www.inside-out-coaching.nl\/wp-content\/uploads\/2018\/03\/foto-s4-300x246.jpg 300w, https:\/\/www.inside-out-coaching.nl\/wp-content\/uploads\/2018\/03\/foto-s4-768x629.jpg 768w, https:\/\/www.inside-out-coaching.nl\/wp-content\/uploads\/2018\/03\/foto-s4-600x491.jpg 600w\" sizes=\"auto, (max-width: 1024px) 100vw, 1024px\" \/><\/div><\/div><\/div><\/div><\/div><\/div><\/div><\/section><section class=\"l-section wpb_row height_auto\"><div class=\"l-section-h i-cf\"><div class=\"g-cols vc_row via_flex valign_top type_default stacking_default\"><div class=\"vc_col-sm-12 wpb_column vc_column_container\"><div class=\"vc_column-inner\"><div class=\"wpb_wrapper\"><div class=\"wpb_text_column\"><div class=\"wpb_wrapper\"><p>Ook het bewust worden van patronen in je communicatie naar jezelf en anderen geeft veel inzicht en maakt verandering eenvoudiger en effectiever. Vanuit deze passie heb ik mijn kennis verder uitgebreid met onder andere opleidingen in:<\/p>\n<p>Systemisch Werken<br \/>\nProfessionele Begeleiding<br \/>\nEMDR<br \/>\nAccess Consciousness<br \/>\nHypnotherapeut<br \/>\n(<a href=\"http:\/\/www.inside-out-coaching.nl\/wp-content\/uploads\/2018\/03\/CV-Josee.pdf\" target=\"_blank\" rel=\"noopener noreferrer\">bekijk hier mijn volledig CV<\/a>)<\/p>\n<p>Door deze mix van opleidingen \u00e9n meer dan 28 jaar praktijkervaring kan ik mensen zowel individueel als in groepen optimaal begeleiden. Mijn aanpak is altijd op maat: sommige cli\u00ebnten willen diepere patronen aanpakken, anderen vooral inzicht of concrete technieken om hun communicatie te verbeteren. Jij bepaalt samen met mij de inhoud en het tempo van jouw traject.<\/p>\n<p>Mijn kernwaarden zijn integriteit, professionaliteit en humor. Of je nu kiest voor een sessie op locatie in Portugal of online, ik sta klaar om je te begeleiden in jouw proces van groei, bewustwording en transformatie.<\/p>\n<p>Wellicht tot ziens bij Inside-Out!<\/p>\n<\/div><\/div><\/div><\/div><\/div><\/div><\/div><\/section><section class=\"l-section wpb_row height_small\"><div class=\"l-section-h i-cf\"><div class=\"g-cols vc_row via_flex valign_top type_default stacking_default\"><div class=\"vc_col-sm-12 wpb_column vc_column_container\"><div class=\"vc_column-inner\"><div class=\"wpb_wrapper\"><div class=\"w-separator size_medium\"><\/div><div class=\"uavc-list-icon uavc-list-icon-wrapper ult-adjust-bottom-margin\"><ul class=\"uavc-list\"><li><div class=\"uavc-list-content\" id=\"list-icon-wrap-9102\">\n<div class=\"uavc-list-icon\" data-animation=\"\" data-animation-delay=\"03\" style=\"margin-right:5px;\"><div class=\"ult-just-icon-wrapper\"><div class=\"align-icon\" style=\"text-align:center;\">\n<div class=\"aio-icon none\"  style=\"color:#333333;font-size:35px;display:inline-block;\">\n\t<i class=\"Defaults-graduation-cap mortar-board\"><\/i>\n<\/div><\/div><\/div>\n<\/div><span  data-ultimate-target='#list-icon-wrap-9102 .uavc-list-desc'  data-responsive-json-new='{\"font-size\":\"\",\"line-height\":\"\"}'  class=\"uavc-list-desc ult-responsive\" style=\"\">\n<h2 style=\"text-align: center;\">De door Jos\u00e9e voltooide opleidingen<\/h2>\n<\/span><\/div><\/li><\/ul><\/div><div class=\"uavc-list-icon uavc-list-icon-wrapper ult-adjust-bottom-margin\"><ul class=\"uavc-list\"><li><div class=\"uavc-list-content\" id=\"list-icon-wrap-7044\">\n<div class=\"uavc-list-icon\" data-animation=\"\" data-animation-delay=\"03\" style=\"margin-right:5px;\"><div class=\"ult-just-icon-wrapper\"><div class=\"align-icon\" style=\"text-align:center;\">\n<div class=\"aio-icon none\"  style=\"color:#333333;font-size:10px;display:inline-block;\">\n\t<i class=\"Defaults-check\"><\/i>\n<\/div><\/div><\/div>\n<\/div><span  data-ultimate-target='#list-icon-wrap-7044 .uavc-list-desc'  data-responsive-json-new='{\"font-size\":\"\",\"line-height\":\"\"}'  class=\"uavc-list-desc ult-responsive\" style=\"\">\n<p style=\"text-align: center;\">Master- en Trainer Neuro Lingu\u00efstisch Programmeren (NLP)<\/p>\n<\/span><\/div><\/li><li><div class=\"uavc-list-content\" id=\"list-icon-wrap-4539\">\n<div class=\"uavc-list-icon\" data-animation=\"\" data-animation-delay=\"03\" style=\"margin-right:5px;\"><div class=\"ult-just-icon-wrapper\"><div class=\"align-icon\" style=\"text-align:center;\">\n<div class=\"aio-icon none\"  style=\"color:#333333;font-size:10px;display:inline-block;\">\n\t<i class=\"Defaults-check\"><\/i>\n<\/div><\/div><\/div>\n<\/div><span  data-ultimate-target='#list-icon-wrap-4539 .uavc-list-desc'  data-responsive-json-new='{\"font-size\":\"\",\"line-height\":\"\"}'  class=\"uavc-list-desc ult-responsive\" style=\"\">\n<p style=\"text-align: center;\">Systemisch Werken<\/p>\n<\/span><\/div><\/li><li><div class=\"uavc-list-content\" id=\"list-icon-wrap-6525\">\n<div class=\"uavc-list-icon\" data-animation=\"\" data-animation-delay=\"03\" style=\"margin-right:5px;\"><div class=\"ult-just-icon-wrapper\"><div class=\"align-icon\" style=\"text-align:center;\">\n<div class=\"aio-icon none\"  style=\"color:#333333;font-size:10px;display:inline-block;\">\n\t<i class=\"Defaults-check\"><\/i>\n<\/div><\/div><\/div>\n<\/div><span  data-ultimate-target='#list-icon-wrap-6525 .uavc-list-desc'  data-responsive-json-new='{\"font-size\":\"\",\"line-height\":\"\"}'  class=\"uavc-list-desc ult-responsive\" style=\"\">\n<p style=\"text-align: center;\">Eye Movement Desensitization and Reprocessing (EMDR)<\/p>\n<\/span><\/div><\/li><li><div class=\"uavc-list-content\" id=\"list-icon-wrap-9383\">\n<div class=\"uavc-list-icon\" data-animation=\"\" data-animation-delay=\"03\" style=\"margin-right:5px;\"><div class=\"ult-just-icon-wrapper\"><div class=\"align-icon\" style=\"text-align:center;\">\n<div class=\"aio-icon none\"  style=\"color:#333333;font-size:10px;display:inline-block;\">\n\t<i class=\"Defaults-check\"><\/i>\n<\/div><\/div><\/div>\n<\/div><span  data-ultimate-target='#list-icon-wrap-9383 .uavc-list-desc'  data-responsive-json-new='{\"font-size\":\"\",\"line-height\":\"\"}'  class=\"uavc-list-desc ult-responsive\" style=\"\">\n<p style=\"text-align: center;\">Hypnose en regressietherapie<\/p>\n<\/span><\/div><\/li><li><div class=\"uavc-list-content\" id=\"list-icon-wrap-3093\">\n<div class=\"uavc-list-icon\" data-animation=\"\" data-animation-delay=\"03\" style=\"margin-right:5px;\"><div class=\"ult-just-icon-wrapper\"><div class=\"align-icon\" style=\"text-align:center;\">\n<div class=\"aio-icon none\"  style=\"color:#333333;font-size:10px;display:inline-block;\">\n\t<i class=\"Defaults-check\"><\/i>\n<\/div><\/div><\/div>\n<\/div><span  data-ultimate-target='#list-icon-wrap-3093 .uavc-list-desc'  data-responsive-json-new='{\"font-size\":\"\",\"line-height\":\"\"}'  class=\"uavc-list-desc ult-responsive\" style=\"\">\n<p style=\"text-align: center;\">Access Consciousness: Access Bars, Foundation &amp; Body Class<\/p>\n<\/span><\/div><\/li><li><div class=\"uavc-list-content\" id=\"list-icon-wrap-1953\">\n<div class=\"uavc-list-icon\" data-animation=\"\" data-animation-delay=\"03\" style=\"margin-right:5px;\"><div class=\"ult-just-icon-wrapper\"><div class=\"align-icon\" style=\"text-align:center;\">\n<div class=\"aio-icon none\"  style=\"color:#333333;font-size:10px;display:inline-block;\">\n\t<i class=\"Defaults-check\"><\/i>\n<\/div><\/div><\/div>\n<\/div><span  data-ultimate-target='#list-icon-wrap-1953 .uavc-list-desc'  data-responsive-json-new='{\"font-size\":\"\",\"line-height\":\"\"}'  class=\"uavc-list-desc ult-responsive\" style=\"\">\n<p style=\"text-align: center;\">Medische Basiskennis<\/p>\n<\/span><\/div><\/li><li><div class=\"uavc-list-content\" id=\"list-icon-wrap-5145\">\n<div class=\"uavc-list-icon\" data-animation=\"\" data-animation-delay=\"03\" style=\"margin-right:5px;\"><div class=\"ult-just-icon-wrapper\"><div class=\"align-icon\" style=\"text-align:center;\">\n<div class=\"aio-icon none\"  style=\"color:#333333;font-size:10px;display:inline-block;\">\n\t<i class=\"Defaults-check\"><\/i>\n<\/div><\/div><\/div>\n<\/div><span  data-ultimate-target='#list-icon-wrap-5145 .uavc-list-desc'  data-responsive-json-new='{\"font-size\":\"\",\"line-height\":\"\"}'  class=\"uavc-list-desc ult-responsive\" style=\"\">\n<p style=\"text-align: center;\">Professionele Begeleiding<\/p>\n<\/span><\/div><\/li><li><div class=\"uavc-list-content\" id=\"list-icon-wrap-2127\">\n<div class=\"uavc-list-icon\" data-animation=\"\" data-animation-delay=\"03\" style=\"margin-right:5px;\"><div class=\"ult-just-icon-wrapper\"><div class=\"align-icon\" style=\"text-align:center;\">\n<div class=\"aio-icon none\"  style=\"color:#333333;font-size:10px;display:inline-block;\">\n\t<i class=\"Defaults-check\"><\/i>\n<\/div><\/div><\/div>\n<\/div><span  data-ultimate-target='#list-icon-wrap-2127 .uavc-list-desc'  data-responsive-json-new='{\"font-size\":\"\",\"line-height\":\"\"}'  class=\"uavc-list-desc ult-responsive\" style=\"\">\n<p style=\"text-align: center;\">Time Line Therapy<\/p>\n<\/span><\/div><\/li><li><div class=\"uavc-list-content\" id=\"list-icon-wrap-7382\">\n<div class=\"uavc-list-icon\" data-animation=\"\" data-animation-delay=\"03\" style=\"margin-right:5px;\"><div class=\"ult-just-icon-wrapper\"><div class=\"align-icon\" style=\"text-align:center;\">\n<div class=\"aio-icon none\"  style=\"color:#333333;font-size:10px;display:inline-block;\">\n\t<i class=\"Defaults-check\"><\/i>\n<\/div><\/div><\/div>\n<\/div><span  data-ultimate-target='#list-icon-wrap-7382 .uavc-list-desc'  data-responsive-json-new='{\"font-size\":\"\",\"line-height\":\"\"}'  class=\"uavc-list-desc ult-responsive\" style=\"\">\n<p style=\"text-align: center;\">Pedagogische Academie<\/p>\n<\/span><\/div><\/li><li><div class=\"uavc-list-content\" id=\"list-icon-wrap-8551\">\n<div class=\"uavc-list-icon\" data-animation=\"\" data-animation-delay=\"03\" style=\"margin-right:5px;\"><div class=\"ult-just-icon-wrapper\"><div class=\"align-icon\" style=\"text-align:center;\">\n<div class=\"aio-icon none\"  style=\"color:#333333;font-size:10px;display:inline-block;\">\n\t<i class=\"none\"><\/i>\n<\/div><\/div><\/div>\n<\/div><span  data-ultimate-target='#list-icon-wrap-8551 .uavc-list-desc'  data-responsive-json-new='{\"font-size\":\"\",\"line-height\":\"\"}'  class=\"uavc-list-desc ult-responsive\" style=\"\">\n<p style=\"text-align: center;\"><a href=\"http:\/\/www.inside-out-coaching.nl\/wp-content\/uploads\/2018\/03\/CV-Josee.pdf\" target=\"_blank\" rel=\"noopener noreferrer\">Bekijk CV<\/a><\/p>\n<\/span><\/div><\/li><\/ul><\/div><\/div><\/div><\/div><\/div><\/div><\/section>","protected":false},"excerpt":{"rendered":"Over Jos\u00e9eHomePagesHoi, mijn naam is Jos\u00e9e Na een carri\u00e8re in het onderwijs en als medeoprichter en eerste directeur van Stichting Cliniclowns Nederland, startte ik 28 jaar geleden mijn eigen praktijk in Training &amp; Coaching: Inside-Out. (meer over Inside-Out). Oorspronkelijk begon ik als internationaal gecertificeerd NLP-trainer &amp; coach, en raakte ik gefascineerd door de snelle en...","protected":false},"author":2,"featured_media":0,"parent":0,"menu_order":0,"comment_status":"closed","ping_status":"closed","template":"","meta":{"footnotes":""},"class_list":["post-6670","page","type-page","status-publish","hentry"],"yoast_head":"<!-- This site is optimized with the Yoast SEO plugin v27.4 - https:\/\/yoast.com\/product\/yoast-seo-wordpress\/ -->\n<title>Over Jos\u00e9e - Inside Out Coaching<\/title>\n<meta name=\"robots\" content=\"index, follow, max-snippet:-1, max-image-preview:large, max-video-preview:-1\" \/>\n<link rel=\"canonical\" href=\"https:\/\/www.inside-out-coaching.nl\/en\/over-josee\/\" \/>\n<meta property=\"og:locale\" content=\"en_US\" \/>\n<meta property=\"og:type\" content=\"article\" \/>\n<meta property=\"og:title\" content=\"Over Jos\u00e9e - Inside Out Coaching\" \/>\n<meta property=\"og:url\" content=\"https:\/\/www.inside-out-coaching.nl\/en\/over-josee\/\" \/>\n<meta property=\"og:site_name\" content=\"Inside Out Coaching\" \/>\n<meta property=\"article:modified_time\" content=\"2026-03-30T14:12:55+00:00\" \/>\n<meta name=\"twitter:card\" content=\"summary_large_image\" \/>\n<meta name=\"twitter:label1\" content=\"Est. reading time\" \/>\n\t<meta name=\"twitter:data1\" content=\"3 minutes\" \/>\n<script type=\"application\/ld+json\" class=\"yoast-schema-graph\">{\"@context\":\"https:\\\/\\\/schema.org\",\"@graph\":[{\"@type\":\"WebPage\",\"@id\":\"https:\\\/\\\/www.inside-out-coaching.nl\\\/over-josee\\\/\",\"url\":\"https:\\\/\\\/www.inside-out-coaching.nl\\\/over-josee\\\/\",\"name\":\"Over Jos\u00e9e - Inside Out Coaching\",\"isPartOf\":{\"@id\":\"https:\\\/\\\/www.inside-out-coaching.nl\\\/#website\"},\"datePublished\":\"2026-01-16T10:44:27+00:00\",\"dateModified\":\"2026-03-30T14:12:55+00:00\",\"breadcrumb\":{\"@id\":\"https:\\\/\\\/www.inside-out-coaching.nl\\\/over-josee\\\/#breadcrumb\"},\"inLanguage\":\"en-US\",\"potentialAction\":[{\"@type\":\"ReadAction\",\"target\":[\"https:\\\/\\\/www.inside-out-coaching.nl\\\/over-josee\\\/\"]}]},{\"@type\":\"BreadcrumbList\",\"@id\":\"https:\\\/\\\/www.inside-out-coaching.nl\\\/over-josee\\\/#breadcrumb\",\"itemListElement\":[{\"@type\":\"ListItem\",\"position\":1,\"name\":\"Home\",\"item\":\"https:\\\/\\\/www.inside-out-coaching.nl\\\/\"},{\"@type\":\"ListItem\",\"position\":2,\"name\":\"Over Jos\u00e9e\"}]},{\"@type\":\"WebSite\",\"@id\":\"https:\\\/\\\/www.inside-out-coaching.nl\\\/#website\",\"url\":\"https:\\\/\\\/www.inside-out-coaching.nl\\\/\",\"name\":\"Inside Out Coaching\",\"description\":\"\",\"potentialAction\":[{\"@type\":\"SearchAction\",\"target\":{\"@type\":\"EntryPoint\",\"urlTemplate\":\"https:\\\/\\\/www.inside-out-coaching.nl\\\/?s={search_term_string}\"},\"query-input\":{\"@type\":\"PropertyValueSpecification\",\"valueRequired\":true,\"valueName\":\"search_term_string\"}}],\"inLanguage\":\"en-US\"}]}<\/script>\n<!-- \/ Yoast SEO plugin. -->","yoast_head_json":{"title":"Over Jos\u00e9e - Inside Out Coaching","robots":{"index":"index","follow":"follow","max-snippet":"max-snippet:-1","max-image-preview":"max-image-preview:large","max-video-preview":"max-video-preview:-1"},"canonical":"https:\/\/www.inside-out-coaching.nl\/en\/over-josee\/","og_locale":"en_US","og_type":"article","og_title":"Over Jos\u00e9e - Inside Out Coaching","og_url":"https:\/\/www.inside-out-coaching.nl\/en\/over-josee\/","og_site_name":"Inside Out Coaching","article_modified_time":"2026-03-30T14:12:55+00:00","twitter_card":"summary_large_image","twitter_misc":{"Est. reading time":"3 minutes"},"schema":{"@context":"https:\/\/schema.org","@graph":[{"@type":"WebPage","@id":"https:\/\/www.inside-out-coaching.nl\/over-josee\/","url":"https:\/\/www.inside-out-coaching.nl\/over-josee\/","name":"Over Jos\u00e9e - Inside Out Coaching","isPartOf":{"@id":"https:\/\/www.inside-out-coaching.nl\/#website"},"datePublished":"2026-01-16T10:44:27+00:00","dateModified":"2026-03-30T14:12:55+00:00","breadcrumb":{"@id":"https:\/\/www.inside-out-coaching.nl\/over-josee\/#breadcrumb"},"inLanguage":"en-US","potentialAction":[{"@type":"ReadAction","target":["https:\/\/www.inside-out-coaching.nl\/over-josee\/"]}]},{"@type":"BreadcrumbList","@id":"https:\/\/www.inside-out-coaching.nl\/over-josee\/#breadcrumb","itemListElement":[{"@type":"ListItem","position":1,"name":"Home","item":"https:\/\/www.inside-out-coaching.nl\/"},{"@type":"ListItem","position":2,"name":"Over Jos\u00e9e"}]},{"@type":"WebSite","@id":"https:\/\/www.inside-out-coaching.nl\/#website","url":"https:\/\/www.inside-out-coaching.nl\/","name":"Inside Out Coaching","description":"","potentialAction":[{"@type":"SearchAction","target":{"@type":"EntryPoint","urlTemplate":"https:\/\/www.inside-out-coaching.nl\/?s={search_term_string}"},"query-input":{"@type":"PropertyValueSpecification","valueRequired":true,"valueName":"search_term_string"}}],"inLanguage":"en-US"}]}},"_links":{"self":[{"href":"https:\/\/www.inside-out-coaching.nl\/en\/wp-json\/wp\/v2\/pages\/6670","targetHints":{"allow":["GET"]}}],"collection":[{"href":"https:\/\/www.inside-out-coaching.nl\/en\/wp-json\/wp\/v2\/pages"}],"about":[{"href":"https:\/\/www.inside-out-coaching.nl\/en\/wp-json\/wp\/v2\/types\/page"}],"author":[{"embeddable":true,"href":"https:\/\/www.inside-out-coaching.nl\/en\/wp-json\/wp\/v2\/users\/2"}],"replies":[{"embeddable":true,"href":"https:\/\/www.inside-out-coaching.nl\/en\/wp-json\/wp\/v2\/comments?post=6670"}],"version-history":[{"count":5,"href":"https:\/\/www.inside-out-coaching.nl\/en\/wp-json\/wp\/v2\/pages\/6670\/revisions"}],"predecessor-version":[{"id":6850,"href":"https:\/\/www.inside-out-coaching.nl\/en\/wp-json\/wp\/v2\/pages\/6670\/revisions\/6850"}],"wp:attachment":[{"href":"https:\/\/www.inside-out-coaching.nl\/en\/wp-json\/wp\/v2\/media?parent=6670"}],"curies":[{"name":"wp","href":"https:\/\/api.w.org\/{rel}","templated":true}]}}